{"id":849,"date":"2020-04-26T17:16:23","date_gmt":"2020-04-26T17:16:23","guid":{"rendered":"https:\/\/iessierradesegura.es\/?page_id=849"},"modified":"2022-05-09T18:01:00","modified_gmt":"2022-05-09T18:01:00","slug":"planes-y-programas","status":"publish","type":"page","link":"https:\/\/iessierradesegura.es\/?page_id=849","title":{"rendered":"Planes y Programas"},"content":{"rendered":"<p><img fetchpriority=\"high\" decoding=\"async\" src=\"https:\/\/iessierradesegura.es\/wp-content\/uploads\/2020\/04\/cabecera_contenido.jpg\" sizes=\"(max-width: 2000px) 100vw, 2000px\" srcset=\"https:\/\/iessierradesegura.es\/wp-content\/uploads\/2020\/04\/cabecera_contenido.jpg 2000w, https:\/\/iessierradesegura.es\/wp-content\/uploads\/2020\/04\/cabecera_contenido-300x23.jpg 300w, https:\/\/iessierradesegura.es\/wp-content\/uploads\/2020\/04\/cabecera_contenido-1024x77.jpg 1024w, https:\/\/iessierradesegura.es\/wp-content\/uploads\/2020\/04\/cabecera_contenido-768x58.jpg 768w, https:\/\/iessierradesegura.es\/wp-content\/uploads\/2020\/04\/cabecera_contenido-1536x115.jpg 1536w\" alt=\"Cabecera\" width=\"2000\" height=\"150\" \/><\/p>\n<h1>Planes y Programas<\/h1>\n<p>En este apartado se recogen los\u00a0Planes y Programas desarrollados por el centro, que son:<\/p>\n<ul>\n<li><a href=\"https:\/\/iessierradesegura.es\/?page_id=1233\">Plan de igualdad y Coeducaci\u00f3n.<\/a><\/li>\n<li>Escuela espacio de paz.<\/li>\n<li><a href=\"https:\/\/iessierradesegura.es\/wp-content\/uploads\/2020\/04\/Plan-de-Autoproteccion-Escolar.pdf\" target=\"_blank\" rel=\"noopener noreferrer\">Plan de Autoprotecci\u00f3n Escolar.<\/a><\/li>\n<li><a href=\"https:\/\/iessierradesegura.es\/wp-content\/uploads\/2020\/04\/Plan_de_Lectura_definitivo_01022013.pdf\" target=\"_blank\" rel=\"noopener noreferrer\">Plan de Lectura.<\/a><\/li>\n<li><a href=\"https:\/\/iessierradesegura.es\/wp-content\/uploads\/2020\/04\/Plan_de_Prevencion_de_riesgos_laborales.pdf\" target=\"_blank\" rel=\"noopener noreferrer\">Plan de Prevenci\u00f3n de Riesgos Laborales.<\/a><\/li>\n<li><a href=\"https:\/\/iessierradesegura.es\/wp-content\/uploads\/2020\/04\/Practicum-Secundaria.pdf\" target=\"_blank\" rel=\"noopener noreferrer\">Pr\u00e1cticum Secundaria.<\/a><\/li>\n<li><a href=\"https:\/\/iessierradesegura.es\/?page_id=1002\">Programa Impulsa: programa de la Consejer\u00eda de Educaci\u00f3n de la Junta de Andaluc\u00eda.\u00a0<\/a><\/li>\n<li>Etc.<\/li>\n<\/ul>\n","protected":false},"excerpt":{"rendered":"<p>Planes y Programas En este apartado se recogen los\u00a0Planes y Programas desarrollados por el centro, que son: Plan de igualdad y Coeducaci\u00f3n. Escuela espacio de paz. Plan de Autoprotecci\u00f3n Escolar. Plan de Lectura. Plan de Prevenci\u00f3n de Riesgos Laborales. Pr\u00e1cticum Secundaria. Programa Impulsa: programa de la Consejer\u00eda de Educaci\u00f3n de la Junta de Andaluc\u00eda.\u00a0 Etc.<\/p>\n","protected":false},"author":1,"featured_media":0,"parent":0,"menu_order":0,"comment_status":"closed","ping_status":"closed","template":"elementor_header_footer","meta":{"site-sidebar-layout":"no-sidebar","site-content-layout":"page-builder","ast-site-content-layout":"","site-content-style":"default","site-sidebar-style":"default","ast-global-header-display":"","ast-banner-title-visibility":"","ast-main-header-display":"","ast-hfb-above-header-display":"","ast-hfb-below-header-display":"","ast-hfb-mobile-header-display":"","site-post-title":"disabled","ast-breadcrumbs-content":"","ast-featured-img":"disabled","footer-sml-layout":"","theme-transparent-header-meta":"default","adv-header-id-meta":"","stick-header-meta":"","header-above-stick-meta":"","header-main-stick-meta":"","header-below-stick-meta":"","astra-migrate-meta-layouts":"default","ast-page-background-enabled":"default","ast-page-background-meta":{"desktop":{"background-color":"","background-image":"","background-repeat":"repeat","background-position":"center center","background-size":"auto","background-attachment":"scroll","background-type":"","background-media":"","overlay-type":"","overlay-color":"","overlay-opacity":"","overlay-gradient":""},"tablet":{"background-color":"","background-image":"","background-repeat":"repeat","background-position":"center center","background-size":"auto","background-attachment":"scroll","background-type":"","background-media":"","overlay-type":"","overlay-color":"","overlay-opacity":"","overlay-gradient":""},"mobile":{"background-color":"","background-image":"","background-repeat":"repeat","background-position":"center center","background-size":"auto","background-attachment":"scroll","background-type":"","background-media":"","overlay-type":"","overlay-color":"","overlay-opacity":"","overlay-gradient":""}},"ast-content-background-meta":{"desktop":{"background-color":"var(--ast-global-color-5)","background-image":"","background-repeat":"repeat","background-position":"center center","background-size":"auto","background-attachment":"scroll","background-type":"","background-media":"","overlay-type":"","overlay-color":"","overlay-opacity":"","overlay-gradient":""},"tablet":{"background-color":"var(--ast-global-color-5)","background-image":"","background-repeat":"repeat","background-position":"center center","background-size":"auto","background-attachment":"scroll","background-type":"","background-media":"","overlay-type":"","overlay-color":"","overlay-opacity":"","overlay-gradient":""},"mobile":{"background-color":"var(--ast-global-color-5)","background-image":"","background-repeat":"repeat","background-position":"center center","background-size":"auto","background-attachment":"scroll","background-type":"","background-media":"","overlay-type":"","overlay-color":"","overlay-opacity":"","overlay-gradient":""}},"footnotes":""},"class_list":["post-849","page","type-page","status-publish","hentry"],"yoast_head":"<!-- This site is optimized with the Yoast SEO plugin v24.7 - https:\/\/yoast.com\/wordpress\/plugins\/seo\/ -->\n<title>Planes y Programas - IES Sierra de Segura<\/title>\n<meta name=\"robots\" content=\"index, follow, max-snippet:-1, max-image-preview:large, max-video-preview:-1\" \/>\n<link rel=\"canonical\" href=\"https:\/\/iessierradesegura.es\/?page_id=849\" \/>\n<meta property=\"og:locale\" content=\"es_ES\" \/>\n<meta property=\"og:type\" content=\"article\" \/>\n<meta property=\"og:title\" content=\"Planes y Programas - IES Sierra de Segura\" \/>\n<meta property=\"og:description\" content=\"Planes y Programas En este apartado se recogen los\u00a0Planes y Programas desarrollados por el centro, que son: Plan de igualdad y Coeducaci\u00f3n. Escuela espacio de paz. Plan de Autoprotecci\u00f3n Escolar. Plan de Lectura. Plan de Prevenci\u00f3n de Riesgos Laborales. Pr\u00e1cticum Secundaria. Programa Impulsa: programa de la Consejer\u00eda de Educaci\u00f3n de la Junta de Andaluc\u00eda.\u00a0 Etc.\" \/>\n<meta property=\"og:url\" content=\"https:\/\/iessierradesegura.es\/?page_id=849\" \/>\n<meta property=\"og:site_name\" content=\"IES Sierra de Segura\" \/>\n<meta property=\"article:modified_time\" content=\"2022-05-09T18:01:00+00:00\" \/>\n<meta property=\"og:image\" content=\"https:\/\/iessierradesegura.es\/wp-content\/uploads\/2020\/04\/cabecera_contenido.jpg\" \/>\n<meta name=\"twitter:card\" content=\"summary_large_image\" \/>\n<meta name=\"twitter:label1\" content=\"Tiempo de lectura\" \/>\n\t<meta name=\"twitter:data1\" content=\"1 minuto\" \/>\n<script type=\"application\/ld+json\" class=\"yoast-schema-graph\">{\"@context\":\"https:\/\/schema.org\",\"@graph\":[{\"@type\":\"WebPage\",\"@id\":\"https:\/\/iessierradesegura.es\/?page_id=849\",\"url\":\"https:\/\/iessierradesegura.es\/?page_id=849\",\"name\":\"Planes y Programas - IES Sierra de Segura\",\"isPartOf\":{\"@id\":\"https:\/\/iessierradesegura.es\/#website\"},\"primaryImageOfPage\":{\"@id\":\"https:\/\/iessierradesegura.es\/?page_id=849#primaryimage\"},\"image\":{\"@id\":\"https:\/\/iessierradesegura.es\/?page_id=849#primaryimage\"},\"thumbnailUrl\":\"https:\/\/iessierradesegura.es\/wp-content\/uploads\/2020\/04\/cabecera_contenido.jpg\",\"datePublished\":\"2020-04-26T17:16:23+00:00\",\"dateModified\":\"2022-05-09T18:01:00+00:00\",\"breadcrumb\":{\"@id\":\"https:\/\/iessierradesegura.es\/?page_id=849#breadcrumb\"},\"inLanguage\":\"es\",\"potentialAction\":[{\"@type\":\"ReadAction\",\"target\":[\"https:\/\/iessierradesegura.es\/?page_id=849\"]}]},{\"@type\":\"ImageObject\",\"inLanguage\":\"es\",\"@id\":\"https:\/\/iessierradesegura.es\/?page_id=849#primaryimage\",\"url\":\"https:\/\/iessierradesegura.es\/wp-content\/uploads\/2020\/04\/cabecera_contenido.jpg\",\"contentUrl\":\"https:\/\/iessierradesegura.es\/wp-content\/uploads\/2020\/04\/cabecera_contenido.jpg\",\"width\":2000,\"height\":150,\"caption\":\"Cabecera\"},{\"@type\":\"BreadcrumbList\",\"@id\":\"https:\/\/iessierradesegura.es\/?page_id=849#breadcrumb\",\"itemListElement\":[{\"@type\":\"ListItem\",\"position\":1,\"name\":\"Home\",\"item\":\"https:\/\/iessierradesegura.es\/\"},{\"@type\":\"ListItem\",\"position\":2,\"name\":\"Planes y Programas\"}]},{\"@type\":\"WebSite\",\"@id\":\"https:\/\/iessierradesegura.es\/#website\",\"url\":\"https:\/\/iessierradesegura.es\/\",\"name\":\"IES Sierra de Segura\",\"description\":\"P\u00e1gina oficial del Instituto de Secundaria Sierra de Segura\",\"publisher\":{\"@id\":\"https:\/\/iessierradesegura.es\/#organization\"},\"potentialAction\":[{\"@type\":\"SearchAction\",\"target\":{\"@type\":\"EntryPoint\",\"urlTemplate\":\"https:\/\/iessierradesegura.es\/?s={search_term_string}\"},\"query-input\":{\"@type\":\"PropertyValueSpecification\",\"valueRequired\":true,\"valueName\":\"search_term_string\"}}],\"inLanguage\":\"es\"},{\"@type\":\"Organization\",\"@id\":\"https:\/\/iessierradesegura.es\/#organization\",\"name\":\"IES Sierra de Segura\",\"url\":\"https:\/\/iessierradesegura.es\/\",\"logo\":{\"@type\":\"ImageObject\",\"inLanguage\":\"es\",\"@id\":\"https:\/\/iessierradesegura.es\/#\/schema\/logo\/image\/\",\"url\":\"https:\/\/iessierradesegura.es\/wp-content\/uploads\/2020\/05\/cropped-logotipo2-4.png\",\"contentUrl\":\"https:\/\/iessierradesegura.es\/wp-content\/uploads\/2020\/05\/cropped-logotipo2-4.png\",\"width\":299,\"height\":200,\"caption\":\"IES Sierra de Segura\"},\"image\":{\"@id\":\"https:\/\/iessierradesegura.es\/#\/schema\/logo\/image\/\"}}]}<\/script>\n<!-- \/ Yoast SEO plugin. -->","yoast_head_json":{"title":"Planes y Programas - IES Sierra de Segura","robots":{"index":"index","follow":"follow","max-snippet":"max-snippet:-1","max-image-preview":"max-image-preview:large","max-video-preview":"max-video-preview:-1"},"canonical":"https:\/\/iessierradesegura.es\/?page_id=849","og_locale":"es_ES","og_type":"article","og_title":"Planes y Programas - IES Sierra de Segura","og_description":"Planes y Programas En este apartado se recogen los\u00a0Planes y Programas desarrollados por el centro, que son: Plan de igualdad y Coeducaci\u00f3n. Escuela espacio de paz. Plan de Autoprotecci\u00f3n Escolar. Plan de Lectura. Plan de Prevenci\u00f3n de Riesgos Laborales. Pr\u00e1cticum Secundaria. Programa Impulsa: programa de la Consejer\u00eda de Educaci\u00f3n de la Junta de Andaluc\u00eda.\u00a0 Etc.","og_url":"https:\/\/iessierradesegura.es\/?page_id=849","og_site_name":"IES Sierra de Segura","article_modified_time":"2022-05-09T18:01:00+00:00","og_image":[{"url":"https:\/\/iessierradesegura.es\/wp-content\/uploads\/2020\/04\/cabecera_contenido.jpg","type":"","width":"","height":""}],"twitter_card":"summary_large_image","twitter_misc":{"Tiempo de lectura":"1 minuto"},"schema":{"@context":"https:\/\/schema.org","@graph":[{"@type":"WebPage","@id":"https:\/\/iessierradesegura.es\/?page_id=849","url":"https:\/\/iessierradesegura.es\/?page_id=849","name":"Planes y Programas - IES Sierra de Segura","isPartOf":{"@id":"https:\/\/iessierradesegura.es\/#website"},"primaryImageOfPage":{"@id":"https:\/\/iessierradesegura.es\/?page_id=849#primaryimage"},"image":{"@id":"https:\/\/iessierradesegura.es\/?page_id=849#primaryimage"},"thumbnailUrl":"https:\/\/iessierradesegura.es\/wp-content\/uploads\/2020\/04\/cabecera_contenido.jpg","datePublished":"2020-04-26T17:16:23+00:00","dateModified":"2022-05-09T18:01:00+00:00","breadcrumb":{"@id":"https:\/\/iessierradesegura.es\/?page_id=849#breadcrumb"},"inLanguage":"es","potentialAction":[{"@type":"ReadAction","target":["https:\/\/iessierradesegura.es\/?page_id=849"]}]},{"@type":"ImageObject","inLanguage":"es","@id":"https:\/\/iessierradesegura.es\/?page_id=849#primaryimage","url":"https:\/\/iessierradesegura.es\/wp-content\/uploads\/2020\/04\/cabecera_contenido.jpg","contentUrl":"https:\/\/iessierradesegura.es\/wp-content\/uploads\/2020\/04\/cabecera_contenido.jpg","width":2000,"height":150,"caption":"Cabecera"},{"@type":"BreadcrumbList","@id":"https:\/\/iessierradesegura.es\/?page_id=849#breadcrumb","itemListElement":[{"@type":"ListItem","position":1,"name":"Home","item":"https:\/\/iessierradesegura.es\/"},{"@type":"ListItem","position":2,"name":"Planes y Programas"}]},{"@type":"WebSite","@id":"https:\/\/iessierradesegura.es\/#website","url":"https:\/\/iessierradesegura.es\/","name":"IES Sierra de Segura","description":"P\u00e1gina oficial del Instituto de Secundaria Sierra de Segura","publisher":{"@id":"https:\/\/iessierradesegura.es\/#organization"},"potentialAction":[{"@type":"SearchAction","target":{"@type":"EntryPoint","urlTemplate":"https:\/\/iessierradesegura.es\/?s={search_term_string}"},"query-input":{"@type":"PropertyValueSpecification","valueRequired":true,"valueName":"search_term_string"}}],"inLanguage":"es"},{"@type":"Organization","@id":"https:\/\/iessierradesegura.es\/#organization","name":"IES Sierra de Segura","url":"https:\/\/iessierradesegura.es\/","logo":{"@type":"ImageObject","inLanguage":"es","@id":"https:\/\/iessierradesegura.es\/#\/schema\/logo\/image\/","url":"https:\/\/iessierradesegura.es\/wp-content\/uploads\/2020\/05\/cropped-logotipo2-4.png","contentUrl":"https:\/\/iessierradesegura.es\/wp-content\/uploads\/2020\/05\/cropped-logotipo2-4.png","width":299,"height":200,"caption":"IES Sierra de Segura"},"image":{"@id":"https:\/\/iessierradesegura.es\/#\/schema\/logo\/image\/"}}]}},"_links":{"self":[{"href":"https:\/\/iessierradesegura.es\/index.php?rest_route=\/wp\/v2\/pages\/849","targetHints":{"allow":["GET"]}}],"collection":[{"href":"https:\/\/iessierradesegura.es\/index.php?rest_route=\/wp\/v2\/pages"}],"about":[{"href":"https:\/\/iessierradesegura.es\/index.php?rest_route=\/wp\/v2\/types\/page"}],"author":[{"embeddable":true,"href":"https:\/\/iessierradesegura.es\/index.php?rest_route=\/wp\/v2\/users\/1"}],"replies":[{"embeddable":true,"href":"https:\/\/iessierradesegura.es\/index.php?rest_route=%2Fwp%2Fv2%2Fcomments&post=849"}],"version-history":[{"count":14,"href":"https:\/\/iessierradesegura.es\/index.php?rest_route=\/wp\/v2\/pages\/849\/revisions"}],"predecessor-version":[{"id":1281,"href":"https:\/\/iessierradesegura.es\/index.php?rest_route=\/wp\/v2\/pages\/849\/revisions\/1281"}],"wp:attachment":[{"href":"https:\/\/iessierradesegura.es\/index.php?rest_route=%2Fwp%2Fv2%2Fmedia&parent=849"}],"curies":[{"name":"wp","href":"https:\/\/api.w.org\/{rel}","templated":true}]}}