{"id":773,"date":"2020-04-25T17:30:34","date_gmt":"2020-04-25T17:30:34","guid":{"rendered":"https:\/\/iessierradesegura.es\/?page_id=773"},"modified":"2020-04-25T17:31:29","modified_gmt":"2020-04-25T17:31:29","slug":"lengua-castellana","status":"publish","type":"page","link":"https:\/\/iessierradesegura.es\/?page_id=773","title":{"rendered":"Lengua Castellana"},"content":{"rendered":"\t\t<div data-elementor-type=\"wp-page\" data-elementor-id=\"773\" class=\"elementor elementor-773\">\n\t\t\t\t\t\t<section class=\"elementor-section elementor-top-section elementor-element elementor-element-a2b274a elementor-section-stretched elementor-section-full_width elementor-section-height-default elementor-section-height-default\" data-id=\"a2b274a\" data-element_type=\"section\" data-settings=\"{&quot;stretch_section&quot;:&quot;section-stretched&quot;}\">\n\t\t\t\t\t\t<div class=\"elementor-container elementor-column-gap-no\">\n\t\t\t\t\t<div class=\"elementor-column elementor-col-100 elementor-top-column elementor-element elementor-element-366decd\" data-id=\"366decd\" data-element_type=\"column\">\n\t\t\t<div class=\"elementor-widget-wrap elementor-element-populated\">\n\t\t\t\t\t\t<div class=\"elementor-element elementor-element-05dac1b elementor-widget elementor-widget-image\" data-id=\"05dac1b\" data-element_type=\"widget\" data-widget_type=\"image.default\">\n\t\t\t\t<div class=\"elementor-widget-container\">\n\t\t\t\t\t\t\t\t\t\t\t\t\t\t\t<img fetchpriority=\"high\" decoding=\"async\" width=\"2000\" height=\"150\" src=\"https:\/\/iessierradesegura.es\/wp-content\/uploads\/2020\/04\/cabecera_contenido.jpg\" class=\"attachment-full size-full wp-image-470\" alt=\"Cabecera\" srcset=\"https:\/\/iessierradesegura.es\/wp-content\/uploads\/2020\/04\/cabecera_contenido.jpg 2000w, https:\/\/iessierradesegura.es\/wp-content\/uploads\/2020\/04\/cabecera_contenido-300x23.jpg 300w, https:\/\/iessierradesegura.es\/wp-content\/uploads\/2020\/04\/cabecera_contenido-1024x77.jpg 1024w, https:\/\/iessierradesegura.es\/wp-content\/uploads\/2020\/04\/cabecera_contenido-768x58.jpg 768w, https:\/\/iessierradesegura.es\/wp-content\/uploads\/2020\/04\/cabecera_contenido-1536x115.jpg 1536w\" sizes=\"(max-width: 2000px) 100vw, 2000px\" \/>\t\t\t\t\t\t\t\t\t\t\t\t\t\t\t<\/div>\n\t\t\t\t<\/div>\n\t\t\t\t\t<\/div>\n\t\t<\/div>\n\t\t\t\t\t<\/div>\n\t\t<\/section>\n\t\t\t\t<section class=\"elementor-section elementor-top-section elementor-element elementor-element-cc47e69 elementor-section-boxed elementor-section-height-default elementor-section-height-default\" data-id=\"cc47e69\" data-element_type=\"section\">\n\t\t\t\t\t\t<div class=\"elementor-container elementor-column-gap-default\">\n\t\t\t\t\t<div class=\"elementor-column elementor-col-100 elementor-top-column elementor-element elementor-element-ec2d515\" data-id=\"ec2d515\" data-element_type=\"column\">\n\t\t\t<div class=\"elementor-widget-wrap elementor-element-populated\">\n\t\t\t\t\t\t<div class=\"elementor-element elementor-element-582d15a elementor-widget elementor-widget-heading\" data-id=\"582d15a\" data-element_type=\"widget\" data-widget_type=\"heading.default\">\n\t\t\t\t<div class=\"elementor-widget-container\">\n\t\t\t\t\t<h1 class=\"elementor-heading-title elementor-size-default\">Lengua Castellana<\/h1>\t\t\t\t<\/div>\n\t\t\t\t<\/div>\n\t\t\t\t<div class=\"elementor-element elementor-element-d16aa6d elementor-widget elementor-widget-text-editor\" data-id=\"d16aa6d\" data-element_type=\"widget\" data-widget_type=\"text-editor.default\">\n\t\t\t\t<div class=\"elementor-widget-container\">\n\t\t\t\t\t\t\t\t\t<p>La materia Lengua Castellana y Literatura tiene como objetivo el desarrollo de la competencia comunicativa del alumnado, entendida en todas sus vertientes: pragm\u00e1tica, ling\u00fc\u00edstica, socioling\u00fc\u00edstica y literaria. Debe tambi\u00e9n aportar las herramientas y los conocimientos necesarios para desenvolverse satisfactoriamente en cualquier situaci\u00f3n comunicativa de la vida familiar, social y profesional. Esos conocimientos son los que articulan los procesos de comprensi\u00f3n y expresi\u00f3n oral por un lado, y de comprensi\u00f3n y expresi\u00f3n escrita por otro. La estructuraci\u00f3n del pensamiento del ser humano se hace a trav\u00e9s del lenguaje, de ah\u00ed que esa capacidad de comprender y de expresarse sea el mejor y el m\u00e1s eficaz instrumento de aprendizaje.<\/p>\t\t\t\t\t\t\t\t<\/div>\n\t\t\t\t<\/div>\n\t\t\t\t\t<\/div>\n\t\t<\/div>\n\t\t\t\t\t<\/div>\n\t\t<\/section>\n\t\t\t\t<section class=\"elementor-section elementor-top-section elementor-element elementor-element-acd0ea1 elementor-section-stretched elementor-section-full_width elementor-section-height-default elementor-section-height-default\" data-id=\"acd0ea1\" data-element_type=\"section\" data-settings=\"{&quot;stretch_section&quot;:&quot;section-stretched&quot;}\">\n\t\t\t\t\t\t<div class=\"elementor-container elementor-column-gap-no\">\n\t\t\t\t\t<div class=\"elementor-column elementor-col-100 elementor-top-column elementor-element elementor-element-6cd71a8\" data-id=\"6cd71a8\" data-element_type=\"column\">\n\t\t\t<div class=\"elementor-widget-wrap elementor-element-populated\">\n\t\t\t\t\t\t\t<\/div>\n\t\t<\/div>\n\t\t\t\t\t<\/div>\n\t\t<\/section>\n\t\t\t\t<\/div>\n\t\t","protected":false},"excerpt":{"rendered":"<p>Lengua Castellana La materia Lengua Castellana y Literatura tiene como objetivo el desarrollo de la competencia comunicativa del alumnado, entendida en todas sus vertientes: pragm\u00e1tica, ling\u00fc\u00edstica, socioling\u00fc\u00edstica y literaria. Debe tambi\u00e9n aportar las herramientas y los conocimientos necesarios para desenvolverse satisfactoriamente en cualquier situaci\u00f3n comunicativa de la vida familiar, social y profesional. Esos conocimientos son [&hellip;]<\/p>\n","protected":false},"author":1,"featured_media":0,"parent":0,"menu_order":0,"comment_status":"closed","ping_status":"closed","template":"elementor_header_footer","meta":{"site-sidebar-layout":"no-sidebar","site-content-layout":"page-builder","ast-site-content-layout":"","site-content-style":"default","site-sidebar-style":"default","ast-global-header-display":"","ast-banner-title-visibility":"","ast-main-header-display":"","ast-hfb-above-header-display":"","ast-hfb-below-header-display":"","ast-hfb-mobile-header-display":"","site-post-title":"disabled","ast-breadcrumbs-content":"","ast-featured-img":"disabled","footer-sml-layout":"","theme-transparent-header-meta":"default","adv-header-id-meta":"","stick-header-meta":"","header-above-stick-meta":"","header-main-stick-meta":"","header-below-stick-meta":"","astra-migrate-meta-layouts":"default","ast-page-background-enabled":"default","ast-page-background-meta":{"desktop":{"background-color":"","background-image":"","background-repeat":"repeat","background-position":"center center","background-size":"auto","background-attachment":"scroll","background-type":"","background-media":"","overlay-type":"","overlay-color":"","overlay-opacity":"","overlay-gradient":""},"tablet":{"background-color":"","background-image":"","background-repeat":"repeat","background-position":"center center","background-size":"auto","background-attachment":"scroll","background-type":"","background-media":"","overlay-type":"","overlay-color":"","overlay-opacity":"","overlay-gradient":""},"mobile":{"background-color":"","background-image":"","background-repeat":"repeat","background-position":"center center","background-size":"auto","background-attachment":"scroll","background-type":"","background-media":"","overlay-type":"","overlay-color":"","overlay-opacity":"","overlay-gradient":""}},"ast-content-background-meta":{"desktop":{"background-color":"var(--ast-global-color-5)","background-image":"","background-repeat":"repeat","background-position":"center center","background-size":"auto","background-attachment":"scroll","background-type":"","background-media":"","overlay-type":"","overlay-color":"","overlay-opacity":"","overlay-gradient":""},"tablet":{"background-color":"var(--ast-global-color-5)","background-image":"","background-repeat":"repeat","background-position":"center center","background-size":"auto","background-attachment":"scroll","background-type":"","background-media":"","overlay-type":"","overlay-color":"","overlay-opacity":"","overlay-gradient":""},"mobile":{"background-color":"var(--ast-global-color-5)","background-image":"","background-repeat":"repeat","background-position":"center center","background-size":"auto","background-attachment":"scroll","background-type":"","background-media":"","overlay-type":"","overlay-color":"","overlay-opacity":"","overlay-gradient":""}},"footnotes":""},"class_list":["post-773","page","type-page","status-publish","hentry"],"yoast_head":"<!-- This site is optimized with the Yoast SEO plugin v24.7 - https:\/\/yoast.com\/wordpress\/plugins\/seo\/ -->\n<title>Lengua Castellana - IES Sierra de Segura<\/title>\n<meta name=\"robots\" content=\"index, follow, max-snippet:-1, max-image-preview:large, max-video-preview:-1\" \/>\n<link rel=\"canonical\" href=\"https:\/\/iessierradesegura.es\/?page_id=773\" \/>\n<meta property=\"og:locale\" content=\"es_ES\" \/>\n<meta property=\"og:type\" content=\"article\" \/>\n<meta property=\"og:title\" content=\"Lengua Castellana - IES Sierra de Segura\" \/>\n<meta property=\"og:description\" content=\"Lengua Castellana La materia Lengua Castellana y Literatura tiene como objetivo el desarrollo de la competencia comunicativa del alumnado, entendida en todas sus vertientes: pragm\u00e1tica, ling\u00fc\u00edstica, socioling\u00fc\u00edstica y literaria. Debe tambi\u00e9n aportar las herramientas y los conocimientos necesarios para desenvolverse satisfactoriamente en cualquier situaci\u00f3n comunicativa de la vida familiar, social y profesional. Esos conocimientos son [&hellip;]\" \/>\n<meta property=\"og:url\" content=\"https:\/\/iessierradesegura.es\/?page_id=773\" \/>\n<meta property=\"og:site_name\" content=\"IES Sierra de Segura\" \/>\n<meta property=\"article:modified_time\" content=\"2020-04-25T17:31:29+00:00\" \/>\n<meta property=\"og:image\" content=\"https:\/\/iessierradesegura.es\/wp-content\/uploads\/2020\/04\/cabecera_contenido.jpg\" \/>\n\t<meta property=\"og:image:width\" content=\"2000\" \/>\n\t<meta property=\"og:image:height\" content=\"150\" \/>\n\t<meta property=\"og:image:type\" content=\"image\/jpeg\" \/>\n<meta name=\"twitter:card\" content=\"summary_large_image\" \/>\n<meta name=\"twitter:label1\" content=\"Tiempo de lectura\" \/>\n\t<meta name=\"twitter:data1\" content=\"1 minuto\" \/>\n<script type=\"application\/ld+json\" class=\"yoast-schema-graph\">{\"@context\":\"https:\/\/schema.org\",\"@graph\":[{\"@type\":\"WebPage\",\"@id\":\"https:\/\/iessierradesegura.es\/?page_id=773\",\"url\":\"https:\/\/iessierradesegura.es\/?page_id=773\",\"name\":\"Lengua Castellana - IES Sierra de Segura\",\"isPartOf\":{\"@id\":\"https:\/\/iessierradesegura.es\/#website\"},\"primaryImageOfPage\":{\"@id\":\"https:\/\/iessierradesegura.es\/?page_id=773#primaryimage\"},\"image\":{\"@id\":\"https:\/\/iessierradesegura.es\/?page_id=773#primaryimage\"},\"thumbnailUrl\":\"https:\/\/iessierradesegura.es\/wp-content\/uploads\/2020\/04\/cabecera_contenido.jpg\",\"datePublished\":\"2020-04-25T17:30:34+00:00\",\"dateModified\":\"2020-04-25T17:31:29+00:00\",\"breadcrumb\":{\"@id\":\"https:\/\/iessierradesegura.es\/?page_id=773#breadcrumb\"},\"inLanguage\":\"es\",\"potentialAction\":[{\"@type\":\"ReadAction\",\"target\":[\"https:\/\/iessierradesegura.es\/?page_id=773\"]}]},{\"@type\":\"ImageObject\",\"inLanguage\":\"es\",\"@id\":\"https:\/\/iessierradesegura.es\/?page_id=773#primaryimage\",\"url\":\"https:\/\/iessierradesegura.es\/wp-content\/uploads\/2020\/04\/cabecera_contenido.jpg\",\"contentUrl\":\"https:\/\/iessierradesegura.es\/wp-content\/uploads\/2020\/04\/cabecera_contenido.jpg\",\"width\":2000,\"height\":150,\"caption\":\"Cabecera\"},{\"@type\":\"BreadcrumbList\",\"@id\":\"https:\/\/iessierradesegura.es\/?page_id=773#breadcrumb\",\"itemListElement\":[{\"@type\":\"ListItem\",\"position\":1,\"name\":\"Home\",\"item\":\"https:\/\/iessierradesegura.es\/\"},{\"@type\":\"ListItem\",\"position\":2,\"name\":\"Lengua Castellana\"}]},{\"@type\":\"WebSite\",\"@id\":\"https:\/\/iessierradesegura.es\/#website\",\"url\":\"https:\/\/iessierradesegura.es\/\",\"name\":\"IES Sierra de Segura\",\"description\":\"P\u00e1gina oficial del Instituto de Secundaria Sierra de Segura\",\"publisher\":{\"@id\":\"https:\/\/iessierradesegura.es\/#organization\"},\"potentialAction\":[{\"@type\":\"SearchAction\",\"target\":{\"@type\":\"EntryPoint\",\"urlTemplate\":\"https:\/\/iessierradesegura.es\/?s={search_term_string}\"},\"query-input\":{\"@type\":\"PropertyValueSpecification\",\"valueRequired\":true,\"valueName\":\"search_term_string\"}}],\"inLanguage\":\"es\"},{\"@type\":\"Organization\",\"@id\":\"https:\/\/iessierradesegura.es\/#organization\",\"name\":\"IES Sierra de Segura\",\"url\":\"https:\/\/iessierradesegura.es\/\",\"logo\":{\"@type\":\"ImageObject\",\"inLanguage\":\"es\",\"@id\":\"https:\/\/iessierradesegura.es\/#\/schema\/logo\/image\/\",\"url\":\"https:\/\/iessierradesegura.es\/wp-content\/uploads\/2020\/05\/cropped-logotipo2-4.png\",\"contentUrl\":\"https:\/\/iessierradesegura.es\/wp-content\/uploads\/2020\/05\/cropped-logotipo2-4.png\",\"width\":299,\"height\":200,\"caption\":\"IES Sierra de Segura\"},\"image\":{\"@id\":\"https:\/\/iessierradesegura.es\/#\/schema\/logo\/image\/\"}}]}<\/script>\n<!-- \/ Yoast SEO plugin. -->","yoast_head_json":{"title":"Lengua Castellana - IES Sierra de Segura","robots":{"index":"index","follow":"follow","max-snippet":"max-snippet:-1","max-image-preview":"max-image-preview:large","max-video-preview":"max-video-preview:-1"},"canonical":"https:\/\/iessierradesegura.es\/?page_id=773","og_locale":"es_ES","og_type":"article","og_title":"Lengua Castellana - IES Sierra de Segura","og_description":"Lengua Castellana La materia Lengua Castellana y Literatura tiene como objetivo el desarrollo de la competencia comunicativa del alumnado, entendida en todas sus vertientes: pragm\u00e1tica, ling\u00fc\u00edstica, socioling\u00fc\u00edstica y literaria. Debe tambi\u00e9n aportar las herramientas y los conocimientos necesarios para desenvolverse satisfactoriamente en cualquier situaci\u00f3n comunicativa de la vida familiar, social y profesional. Esos conocimientos son [&hellip;]","og_url":"https:\/\/iessierradesegura.es\/?page_id=773","og_site_name":"IES Sierra de Segura","article_modified_time":"2020-04-25T17:31:29+00:00","og_image":[{"width":2000,"height":150,"url":"https:\/\/iessierradesegura.es\/wp-content\/uploads\/2020\/04\/cabecera_contenido.jpg","type":"image\/jpeg"}],"twitter_card":"summary_large_image","twitter_misc":{"Tiempo de lectura":"1 minuto"},"schema":{"@context":"https:\/\/schema.org","@graph":[{"@type":"WebPage","@id":"https:\/\/iessierradesegura.es\/?page_id=773","url":"https:\/\/iessierradesegura.es\/?page_id=773","name":"Lengua Castellana - IES Sierra de Segura","isPartOf":{"@id":"https:\/\/iessierradesegura.es\/#website"},"primaryImageOfPage":{"@id":"https:\/\/iessierradesegura.es\/?page_id=773#primaryimage"},"image":{"@id":"https:\/\/iessierradesegura.es\/?page_id=773#primaryimage"},"thumbnailUrl":"https:\/\/iessierradesegura.es\/wp-content\/uploads\/2020\/04\/cabecera_contenido.jpg","datePublished":"2020-04-25T17:30:34+00:00","dateModified":"2020-04-25T17:31:29+00:00","breadcrumb":{"@id":"https:\/\/iessierradesegura.es\/?page_id=773#breadcrumb"},"inLanguage":"es","potentialAction":[{"@type":"ReadAction","target":["https:\/\/iessierradesegura.es\/?page_id=773"]}]},{"@type":"ImageObject","inLanguage":"es","@id":"https:\/\/iessierradesegura.es\/?page_id=773#primaryimage","url":"https:\/\/iessierradesegura.es\/wp-content\/uploads\/2020\/04\/cabecera_contenido.jpg","contentUrl":"https:\/\/iessierradesegura.es\/wp-content\/uploads\/2020\/04\/cabecera_contenido.jpg","width":2000,"height":150,"caption":"Cabecera"},{"@type":"BreadcrumbList","@id":"https:\/\/iessierradesegura.es\/?page_id=773#breadcrumb","itemListElement":[{"@type":"ListItem","position":1,"name":"Home","item":"https:\/\/iessierradesegura.es\/"},{"@type":"ListItem","position":2,"name":"Lengua Castellana"}]},{"@type":"WebSite","@id":"https:\/\/iessierradesegura.es\/#website","url":"https:\/\/iessierradesegura.es\/","name":"IES Sierra de Segura","description":"P\u00e1gina oficial del Instituto de Secundaria Sierra de Segura","publisher":{"@id":"https:\/\/iessierradesegura.es\/#organization"},"potentialAction":[{"@type":"SearchAction","target":{"@type":"EntryPoint","urlTemplate":"https:\/\/iessierradesegura.es\/?s={search_term_string}"},"query-input":{"@type":"PropertyValueSpecification","valueRequired":true,"valueName":"search_term_string"}}],"inLanguage":"es"},{"@type":"Organization","@id":"https:\/\/iessierradesegura.es\/#organization","name":"IES Sierra de Segura","url":"https:\/\/iessierradesegura.es\/","logo":{"@type":"ImageObject","inLanguage":"es","@id":"https:\/\/iessierradesegura.es\/#\/schema\/logo\/image\/","url":"https:\/\/iessierradesegura.es\/wp-content\/uploads\/2020\/05\/cropped-logotipo2-4.png","contentUrl":"https:\/\/iessierradesegura.es\/wp-content\/uploads\/2020\/05\/cropped-logotipo2-4.png","width":299,"height":200,"caption":"IES Sierra de Segura"},"image":{"@id":"https:\/\/iessierradesegura.es\/#\/schema\/logo\/image\/"}}]}},"_links":{"self":[{"href":"https:\/\/iessierradesegura.es\/index.php?rest_route=\/wp\/v2\/pages\/773","targetHints":{"allow":["GET"]}}],"collection":[{"href":"https:\/\/iessierradesegura.es\/index.php?rest_route=\/wp\/v2\/pages"}],"about":[{"href":"https:\/\/iessierradesegura.es\/index.php?rest_route=\/wp\/v2\/types\/page"}],"author":[{"embeddable":true,"href":"https:\/\/iessierradesegura.es\/index.php?rest_route=\/wp\/v2\/users\/1"}],"replies":[{"embeddable":true,"href":"https:\/\/iessierradesegura.es\/index.php?rest_route=%2Fwp%2Fv2%2Fcomments&post=773"}],"version-history":[{"count":3,"href":"https:\/\/iessierradesegura.es\/index.php?rest_route=\/wp\/v2\/pages\/773\/revisions"}],"predecessor-version":[{"id":776,"href":"https:\/\/iessierradesegura.es\/index.php?rest_route=\/wp\/v2\/pages\/773\/revisions\/776"}],"wp:attachment":[{"href":"https:\/\/iessierradesegura.es\/index.php?rest_route=%2Fwp%2Fv2%2Fmedia&parent=773"}],"curies":[{"name":"wp","href":"https:\/\/api.w.org\/{rel}","templated":true}]}}