{"id":741,"date":"2020-04-25T17:14:45","date_gmt":"2020-04-25T17:14:45","guid":{"rendered":"https:\/\/iessierradesegura.es\/?page_id=741"},"modified":"2021-04-01T19:20:55","modified_gmt":"2021-04-01T19:20:55","slug":"educacion-fisica","status":"publish","type":"page","link":"https:\/\/iessierradesegura.es\/?page_id=741","title":{"rendered":"Educaci\u00f3n F\u00edsica"},"content":{"rendered":"<p><img fetchpriority=\"high\" decoding=\"async\" src=\"https:\/\/iessierradesegura.es\/wp-content\/uploads\/2020\/04\/cabecera_contenido.jpg\" sizes=\"(max-width: 2000px) 100vw, 2000px\" srcset=\"https:\/\/iessierradesegura.es\/wp-content\/uploads\/2020\/04\/cabecera_contenido.jpg 2000w, https:\/\/iessierradesegura.es\/wp-content\/uploads\/2020\/04\/cabecera_contenido-300x23.jpg 300w, https:\/\/iessierradesegura.es\/wp-content\/uploads\/2020\/04\/cabecera_contenido-1024x77.jpg 1024w, https:\/\/iessierradesegura.es\/wp-content\/uploads\/2020\/04\/cabecera_contenido-768x58.jpg 768w, https:\/\/iessierradesegura.es\/wp-content\/uploads\/2020\/04\/cabecera_contenido-1536x115.jpg 1536w\" alt=\"Cabecera\" width=\"2000\" height=\"150\" \/><\/p>\n<h1>Educaci\u00f3n F\u00edsica<\/h1>\n<p>La educaci\u00f3n basada en competencias permite definir los resultados del\u00a0aprendizaje esperados desde un planteamiento\u00a0integrador, dirigido a la aplicaci\u00f3n de los saberes adquiridos para que los alumnos y las alumnas\u00a0consigan un desarrollo personal satisfactorio, el ejercicio de la ciudad\u00a0an\u00eda activa y la participaci\u00f3n en el aprendizaje\u00a0permanente a lo largo de la vida.<\/p>\n<p>La materia Educaci\u00f3n F\u00edsica tiene como finalidad principal desarrollar en las personas su\u00a0competencia motriz,\u00a0entendida como la integraci\u00f3n de los\u00a0conocimientos, los procedimientos, las actitudes y los sentimientos vinculados sobre todo a la\u00a0conducta motora; para su consecuci\u00f3n no es suficiente con la mera pr\u00e1ctica, sino\u00a0que es necesario el an\u00e1lisis cr\u00edtico que afiance actitudes,\u00a0valores referenciados al cuerpo, al movimiento y a la relaci\u00f3n con el entorno: de\u00a0este modo, el alumnado lograr\u00e1 controlar y dar\u00a0sentido a las propias acciones motrices, comprender los aspectos\u00a0perceptivos, emotivos y cognitivos relacionados con\u00a0dichas acciones y gestionar los sentimientos vinculados a las mismas, adem\u00e1s de\u00a0integrar conocimientos y habilidades transversales\u00a0como el trabajo en equipo, el juego limpio, el respeto a las normas, y la seguridad entre\u00a0otras.<\/p>\n<p>Asimismo, la Educaci\u00f3n\u00a0F\u00edsica est\u00e1 vinculada a la adquisici\u00f3n de competencias\u00a0relacionadas con la salud, a trav\u00e9s de acciones que ayuden a la adquisici\u00f3n y\u00a0consolidaci\u00f3n de h\u00e1bitos responsables de actividad f\u00edsica regular y la adopci\u00f3n\u00a0de actitudes cr\u00edticas ante pr\u00e1cticas individuales, grupales y sociales no\u00a0saludables, fundamentalmente en lo relacionado con las enfermedades de origen cardiovascular.<\/p>\n<p><a href=\"https:\/\/iessierradesegura.es\/wp-content\/uploads\/2020\/06\/CRITERIOS-CALIFICACION-DPTO-EF.pdf\">Descarga aqu\u00ed los criterios de calificaci\u00f3n 2020&#8230;<\/a><\/p>\n<h3 style=\"text-align: left;\">Actividad Escape Room Covid 2\u00babachillerato<\/h3>\n<div id='gallery-1' class='gallery galleryid-741 gallery-columns-4 gallery-size-medium'><figure class='gallery-item'>\n\t\t\t<div class='gallery-icon landscape'>\n\t\t\t\t<a href='https:\/\/iessierradesegura.es\/?attachment_id=1143'><img decoding=\"async\" width=\"300\" height=\"225\" src=\"https:\/\/iessierradesegura.es\/wp-content\/uploads\/2021\/04\/WhatsApp-Image-2021-03-23-at-10.11.42-300x225.jpeg\" class=\"attachment-medium size-medium\" alt=\"Escape Room Covid\" srcset=\"https:\/\/iessierradesegura.es\/wp-content\/uploads\/2021\/04\/WhatsApp-Image-2021-03-23-at-10.11.42-300x225.jpeg 300w, https:\/\/iessierradesegura.es\/wp-content\/uploads\/2021\/04\/WhatsApp-Image-2021-03-23-at-10.11.42-1024x768.jpeg 1024w, https:\/\/iessierradesegura.es\/wp-content\/uploads\/2021\/04\/WhatsApp-Image-2021-03-23-at-10.11.42-768x576.jpeg 768w, https:\/\/iessierradesegura.es\/wp-content\/uploads\/2021\/04\/WhatsApp-Image-2021-03-23-at-10.11.42-1536x1152.jpeg 1536w, https:\/\/iessierradesegura.es\/wp-content\/uploads\/2021\/04\/WhatsApp-Image-2021-03-23-at-10.11.42.jpeg 2016w\" sizes=\"(max-width: 300px) 100vw, 300px\" \/><\/a>\n\t\t\t<\/div><\/figure><figure class='gallery-item'>\n\t\t\t<div class='gallery-icon landscape'>\n\t\t\t\t<a href='https:\/\/iessierradesegura.es\/?attachment_id=1142'><img decoding=\"async\" width=\"300\" height=\"225\" src=\"https:\/\/iessierradesegura.es\/wp-content\/uploads\/2021\/04\/WhatsApp-Image-2021-03-23-at-10.11.43-300x225.jpeg\" class=\"attachment-medium size-medium\" alt=\"Escape Room Covid II\" srcset=\"https:\/\/iessierradesegura.es\/wp-content\/uploads\/2021\/04\/WhatsApp-Image-2021-03-23-at-10.11.43-300x225.jpeg 300w, https:\/\/iessierradesegura.es\/wp-content\/uploads\/2021\/04\/WhatsApp-Image-2021-03-23-at-10.11.43-1024x768.jpeg 1024w, https:\/\/iessierradesegura.es\/wp-content\/uploads\/2021\/04\/WhatsApp-Image-2021-03-23-at-10.11.43-768x576.jpeg 768w, https:\/\/iessierradesegura.es\/wp-content\/uploads\/2021\/04\/WhatsApp-Image-2021-03-23-at-10.11.43-1536x1152.jpeg 1536w, https:\/\/iessierradesegura.es\/wp-content\/uploads\/2021\/04\/WhatsApp-Image-2021-03-23-at-10.11.43.jpeg 2016w\" sizes=\"(max-width: 300px) 100vw, 300px\" \/><\/a>\n\t\t\t<\/div><\/figure><figure class='gallery-item'>\n\t\t\t<div class='gallery-icon landscape'>\n\t\t\t\t<a href='https:\/\/iessierradesegura.es\/?attachment_id=1141'><img loading=\"lazy\" decoding=\"async\" width=\"300\" height=\"225\" src=\"https:\/\/iessierradesegura.es\/wp-content\/uploads\/2021\/04\/WhatsApp-Image-2021-03-23-at-10.11.43-1-300x225.jpeg\" class=\"attachment-medium size-medium\" alt=\"Escape Room Covid III\" srcset=\"https:\/\/iessierradesegura.es\/wp-content\/uploads\/2021\/04\/WhatsApp-Image-2021-03-23-at-10.11.43-1-300x225.jpeg 300w, https:\/\/iessierradesegura.es\/wp-content\/uploads\/2021\/04\/WhatsApp-Image-2021-03-23-at-10.11.43-1-1024x768.jpeg 1024w, https:\/\/iessierradesegura.es\/wp-content\/uploads\/2021\/04\/WhatsApp-Image-2021-03-23-at-10.11.43-1-768x576.jpeg 768w, https:\/\/iessierradesegura.es\/wp-content\/uploads\/2021\/04\/WhatsApp-Image-2021-03-23-at-10.11.43-1-1536x1152.jpeg 1536w, https:\/\/iessierradesegura.es\/wp-content\/uploads\/2021\/04\/WhatsApp-Image-2021-03-23-at-10.11.43-1.jpeg 2016w\" sizes=\"(max-width: 300px) 100vw, 300px\" \/><\/a>\n\t\t\t<\/div><\/figure><figure class='gallery-item'>\n\t\t\t<div class='gallery-icon landscape'>\n\t\t\t\t<a href='https:\/\/iessierradesegura.es\/?attachment_id=1140'><img loading=\"lazy\" decoding=\"async\" width=\"300\" height=\"225\" src=\"https:\/\/iessierradesegura.es\/wp-content\/uploads\/2021\/04\/WhatsApp-Image-2021-03-23-at-10.11.43-2-300x225.jpeg\" class=\"attachment-medium size-medium\" alt=\"Escape Room Covid IV\" srcset=\"https:\/\/iessierradesegura.es\/wp-content\/uploads\/2021\/04\/WhatsApp-Image-2021-03-23-at-10.11.43-2-300x225.jpeg 300w, https:\/\/iessierradesegura.es\/wp-content\/uploads\/2021\/04\/WhatsApp-Image-2021-03-23-at-10.11.43-2-1024x768.jpeg 1024w, https:\/\/iessierradesegura.es\/wp-content\/uploads\/2021\/04\/WhatsApp-Image-2021-03-23-at-10.11.43-2-768x576.jpeg 768w, https:\/\/iessierradesegura.es\/wp-content\/uploads\/2021\/04\/WhatsApp-Image-2021-03-23-at-10.11.43-2-1536x1152.jpeg 1536w, https:\/\/iessierradesegura.es\/wp-content\/uploads\/2021\/04\/WhatsApp-Image-2021-03-23-at-10.11.43-2.jpeg 2016w\" sizes=\"(max-width: 300px) 100vw, 300px\" \/><\/a>\n\t\t\t<\/div><\/figure>\n\t\t<\/div>\n\n","protected":false},"excerpt":{"rendered":"<p>Educaci\u00f3n F\u00edsica La educaci\u00f3n basada en competencias permite definir los resultados del\u00a0aprendizaje esperados desde un planteamiento\u00a0integrador, dirigido a la aplicaci\u00f3n de los saberes adquiridos para que los alumnos y las alumnas\u00a0consigan un desarrollo personal satisfactorio, el ejercicio de la ciudad\u00a0an\u00eda activa y la participaci\u00f3n en el aprendizaje\u00a0permanente a lo largo de la vida. La materia [&hellip;]<\/p>\n","protected":false},"author":1,"featured_media":0,"parent":0,"menu_order":0,"comment_status":"closed","ping_status":"closed","template":"elementor_header_footer","meta":{"site-sidebar-layout":"no-sidebar","site-content-layout":"page-builder","ast-site-content-layout":"","site-content-style":"default","site-sidebar-style":"default","ast-global-header-display":"","ast-banner-title-visibility":"","ast-main-header-display":"","ast-hfb-above-header-display":"","ast-hfb-below-header-display":"","ast-hfb-mobile-header-display":"","site-post-title":"disabled","ast-breadcrumbs-content":"","ast-featured-img":"disabled","footer-sml-layout":"","theme-transparent-header-meta":"default","adv-header-id-meta":"","stick-header-meta":"","header-above-stick-meta":"","header-main-stick-meta":"","header-below-stick-meta":"","astra-migrate-meta-layouts":"default","ast-page-background-enabled":"default","ast-page-background-meta":{"desktop":{"background-color":"","background-image":"","background-repeat":"repeat","background-position":"center center","background-size":"auto","background-attachment":"scroll","background-type":"","background-media":"","overlay-type":"","overlay-color":"","overlay-opacity":"","overlay-gradient":""},"tablet":{"background-color":"","background-image":"","background-repeat":"repeat","background-position":"center center","background-size":"auto","background-attachment":"scroll","background-type":"","background-media":"","overlay-type":"","overlay-color":"","overlay-opacity":"","overlay-gradient":""},"mobile":{"background-color":"","background-image":"","background-repeat":"repeat","background-position":"center center","background-size":"auto","background-attachment":"scroll","background-type":"","background-media":"","overlay-type":"","overlay-color":"","overlay-opacity":"","overlay-gradient":""}},"ast-content-background-meta":{"desktop":{"background-color":"var(--ast-global-color-5)","background-image":"","background-repeat":"repeat","background-position":"center center","background-size":"auto","background-attachment":"scroll","background-type":"","background-media":"","overlay-type":"","overlay-color":"","overlay-opacity":"","overlay-gradient":""},"tablet":{"background-color":"var(--ast-global-color-5)","background-image":"","background-repeat":"repeat","background-position":"center center","background-size":"auto","background-attachment":"scroll","background-type":"","background-media":"","overlay-type":"","overlay-color":"","overlay-opacity":"","overlay-gradient":""},"mobile":{"background-color":"var(--ast-global-color-5)","background-image":"","background-repeat":"repeat","background-position":"center center","background-size":"auto","background-attachment":"scroll","background-type":"","background-media":"","overlay-type":"","overlay-color":"","overlay-opacity":"","overlay-gradient":""}},"footnotes":""},"class_list":["post-741","page","type-page","status-publish","hentry"],"yoast_head":"<!-- This site is optimized with the Yoast SEO plugin v24.7 - https:\/\/yoast.com\/wordpress\/plugins\/seo\/ -->\n<title>Educaci\u00f3n F\u00edsica - IES Sierra de Segura<\/title>\n<meta name=\"robots\" content=\"index, follow, max-snippet:-1, max-image-preview:large, max-video-preview:-1\" \/>\n<link rel=\"canonical\" href=\"https:\/\/iessierradesegura.es\/?page_id=741\" \/>\n<meta property=\"og:locale\" content=\"es_ES\" \/>\n<meta property=\"og:type\" content=\"article\" \/>\n<meta property=\"og:title\" content=\"Educaci\u00f3n F\u00edsica - IES Sierra de Segura\" \/>\n<meta property=\"og:description\" content=\"Educaci\u00f3n F\u00edsica La educaci\u00f3n basada en competencias permite definir los resultados del\u00a0aprendizaje esperados desde un planteamiento\u00a0integrador, dirigido a la aplicaci\u00f3n de los saberes adquiridos para que los alumnos y las alumnas\u00a0consigan un desarrollo personal satisfactorio, el ejercicio de la ciudad\u00a0an\u00eda activa y la participaci\u00f3n en el aprendizaje\u00a0permanente a lo largo de la vida. La materia [&hellip;]\" \/>\n<meta property=\"og:url\" content=\"https:\/\/iessierradesegura.es\/?page_id=741\" \/>\n<meta property=\"og:site_name\" content=\"IES Sierra de Segura\" \/>\n<meta property=\"article:modified_time\" content=\"2021-04-01T19:20:55+00:00\" \/>\n<meta property=\"og:image\" content=\"https:\/\/iessierradesegura.es\/wp-content\/uploads\/2021\/04\/WhatsApp-Image-2021-03-23-at-10.11.42-300x225.jpeg\" \/>\n<meta name=\"twitter:card\" content=\"summary_large_image\" \/>\n<meta name=\"twitter:label1\" content=\"Tiempo de lectura\" \/>\n\t<meta name=\"twitter:data1\" content=\"1 minuto\" \/>\n<script type=\"application\/ld+json\" class=\"yoast-schema-graph\">{\"@context\":\"https:\/\/schema.org\",\"@graph\":[{\"@type\":\"WebPage\",\"@id\":\"https:\/\/iessierradesegura.es\/?page_id=741\",\"url\":\"https:\/\/iessierradesegura.es\/?page_id=741\",\"name\":\"Educaci\u00f3n F\u00edsica - IES Sierra de Segura\",\"isPartOf\":{\"@id\":\"https:\/\/iessierradesegura.es\/#website\"},\"primaryImageOfPage\":{\"@id\":\"https:\/\/iessierradesegura.es\/?page_id=741#primaryimage\"},\"image\":{\"@id\":\"https:\/\/iessierradesegura.es\/?page_id=741#primaryimage\"},\"thumbnailUrl\":\"https:\/\/iessierradesegura.es\/wp-content\/uploads\/2020\/04\/cabecera_contenido.jpg\",\"datePublished\":\"2020-04-25T17:14:45+00:00\",\"dateModified\":\"2021-04-01T19:20:55+00:00\",\"breadcrumb\":{\"@id\":\"https:\/\/iessierradesegura.es\/?page_id=741#breadcrumb\"},\"inLanguage\":\"es\",\"potentialAction\":[{\"@type\":\"ReadAction\",\"target\":[\"https:\/\/iessierradesegura.es\/?page_id=741\"]}]},{\"@type\":\"ImageObject\",\"inLanguage\":\"es\",\"@id\":\"https:\/\/iessierradesegura.es\/?page_id=741#primaryimage\",\"url\":\"https:\/\/iessierradesegura.es\/wp-content\/uploads\/2020\/04\/cabecera_contenido.jpg\",\"contentUrl\":\"https:\/\/iessierradesegura.es\/wp-content\/uploads\/2020\/04\/cabecera_contenido.jpg\",\"width\":2000,\"height\":150,\"caption\":\"Cabecera\"},{\"@type\":\"BreadcrumbList\",\"@id\":\"https:\/\/iessierradesegura.es\/?page_id=741#breadcrumb\",\"itemListElement\":[{\"@type\":\"ListItem\",\"position\":1,\"name\":\"Home\",\"item\":\"https:\/\/iessierradesegura.es\/\"},{\"@type\":\"ListItem\",\"position\":2,\"name\":\"Educaci\u00f3n F\u00edsica\"}]},{\"@type\":\"WebSite\",\"@id\":\"https:\/\/iessierradesegura.es\/#website\",\"url\":\"https:\/\/iessierradesegura.es\/\",\"name\":\"IES Sierra de Segura\",\"description\":\"P\u00e1gina oficial del Instituto de Secundaria Sierra de Segura\",\"publisher\":{\"@id\":\"https:\/\/iessierradesegura.es\/#organization\"},\"potentialAction\":[{\"@type\":\"SearchAction\",\"target\":{\"@type\":\"EntryPoint\",\"urlTemplate\":\"https:\/\/iessierradesegura.es\/?s={search_term_string}\"},\"query-input\":{\"@type\":\"PropertyValueSpecification\",\"valueRequired\":true,\"valueName\":\"search_term_string\"}}],\"inLanguage\":\"es\"},{\"@type\":\"Organization\",\"@id\":\"https:\/\/iessierradesegura.es\/#organization\",\"name\":\"IES Sierra de Segura\",\"url\":\"https:\/\/iessierradesegura.es\/\",\"logo\":{\"@type\":\"ImageObject\",\"inLanguage\":\"es\",\"@id\":\"https:\/\/iessierradesegura.es\/#\/schema\/logo\/image\/\",\"url\":\"https:\/\/iessierradesegura.es\/wp-content\/uploads\/2020\/05\/cropped-logotipo2-4.png\",\"contentUrl\":\"https:\/\/iessierradesegura.es\/wp-content\/uploads\/2020\/05\/cropped-logotipo2-4.png\",\"width\":299,\"height\":200,\"caption\":\"IES Sierra de Segura\"},\"image\":{\"@id\":\"https:\/\/iessierradesegura.es\/#\/schema\/logo\/image\/\"}}]}<\/script>\n<!-- \/ Yoast SEO plugin. -->","yoast_head_json":{"title":"Educaci\u00f3n F\u00edsica - IES Sierra de Segura","robots":{"index":"index","follow":"follow","max-snippet":"max-snippet:-1","max-image-preview":"max-image-preview:large","max-video-preview":"max-video-preview:-1"},"canonical":"https:\/\/iessierradesegura.es\/?page_id=741","og_locale":"es_ES","og_type":"article","og_title":"Educaci\u00f3n F\u00edsica - IES Sierra de Segura","og_description":"Educaci\u00f3n F\u00edsica La educaci\u00f3n basada en competencias permite definir los resultados del\u00a0aprendizaje esperados desde un planteamiento\u00a0integrador, dirigido a la aplicaci\u00f3n de los saberes adquiridos para que los alumnos y las alumnas\u00a0consigan un desarrollo personal satisfactorio, el ejercicio de la ciudad\u00a0an\u00eda activa y la participaci\u00f3n en el aprendizaje\u00a0permanente a lo largo de la vida. La materia [&hellip;]","og_url":"https:\/\/iessierradesegura.es\/?page_id=741","og_site_name":"IES Sierra de Segura","article_modified_time":"2021-04-01T19:20:55+00:00","og_image":[{"url":"https:\/\/iessierradesegura.es\/wp-content\/uploads\/2021\/04\/WhatsApp-Image-2021-03-23-at-10.11.42-300x225.jpeg","type":"","width":"","height":""}],"twitter_card":"summary_large_image","twitter_misc":{"Tiempo de lectura":"1 minuto"},"schema":{"@context":"https:\/\/schema.org","@graph":[{"@type":"WebPage","@id":"https:\/\/iessierradesegura.es\/?page_id=741","url":"https:\/\/iessierradesegura.es\/?page_id=741","name":"Educaci\u00f3n F\u00edsica - IES Sierra de Segura","isPartOf":{"@id":"https:\/\/iessierradesegura.es\/#website"},"primaryImageOfPage":{"@id":"https:\/\/iessierradesegura.es\/?page_id=741#primaryimage"},"image":{"@id":"https:\/\/iessierradesegura.es\/?page_id=741#primaryimage"},"thumbnailUrl":"https:\/\/iessierradesegura.es\/wp-content\/uploads\/2020\/04\/cabecera_contenido.jpg","datePublished":"2020-04-25T17:14:45+00:00","dateModified":"2021-04-01T19:20:55+00:00","breadcrumb":{"@id":"https:\/\/iessierradesegura.es\/?page_id=741#breadcrumb"},"inLanguage":"es","potentialAction":[{"@type":"ReadAction","target":["https:\/\/iessierradesegura.es\/?page_id=741"]}]},{"@type":"ImageObject","inLanguage":"es","@id":"https:\/\/iessierradesegura.es\/?page_id=741#primaryimage","url":"https:\/\/iessierradesegura.es\/wp-content\/uploads\/2020\/04\/cabecera_contenido.jpg","contentUrl":"https:\/\/iessierradesegura.es\/wp-content\/uploads\/2020\/04\/cabecera_contenido.jpg","width":2000,"height":150,"caption":"Cabecera"},{"@type":"BreadcrumbList","@id":"https:\/\/iessierradesegura.es\/?page_id=741#breadcrumb","itemListElement":[{"@type":"ListItem","position":1,"name":"Home","item":"https:\/\/iessierradesegura.es\/"},{"@type":"ListItem","position":2,"name":"Educaci\u00f3n F\u00edsica"}]},{"@type":"WebSite","@id":"https:\/\/iessierradesegura.es\/#website","url":"https:\/\/iessierradesegura.es\/","name":"IES Sierra de Segura","description":"P\u00e1gina oficial del Instituto de Secundaria Sierra de Segura","publisher":{"@id":"https:\/\/iessierradesegura.es\/#organization"},"potentialAction":[{"@type":"SearchAction","target":{"@type":"EntryPoint","urlTemplate":"https:\/\/iessierradesegura.es\/?s={search_term_string}"},"query-input":{"@type":"PropertyValueSpecification","valueRequired":true,"valueName":"search_term_string"}}],"inLanguage":"es"},{"@type":"Organization","@id":"https:\/\/iessierradesegura.es\/#organization","name":"IES Sierra de Segura","url":"https:\/\/iessierradesegura.es\/","logo":{"@type":"ImageObject","inLanguage":"es","@id":"https:\/\/iessierradesegura.es\/#\/schema\/logo\/image\/","url":"https:\/\/iessierradesegura.es\/wp-content\/uploads\/2020\/05\/cropped-logotipo2-4.png","contentUrl":"https:\/\/iessierradesegura.es\/wp-content\/uploads\/2020\/05\/cropped-logotipo2-4.png","width":299,"height":200,"caption":"IES Sierra de Segura"},"image":{"@id":"https:\/\/iessierradesegura.es\/#\/schema\/logo\/image\/"}}]}},"_links":{"self":[{"href":"https:\/\/iessierradesegura.es\/index.php?rest_route=\/wp\/v2\/pages\/741","targetHints":{"allow":["GET"]}}],"collection":[{"href":"https:\/\/iessierradesegura.es\/index.php?rest_route=\/wp\/v2\/pages"}],"about":[{"href":"https:\/\/iessierradesegura.es\/index.php?rest_route=\/wp\/v2\/types\/page"}],"author":[{"embeddable":true,"href":"https:\/\/iessierradesegura.es\/index.php?rest_route=\/wp\/v2\/users\/1"}],"replies":[{"embeddable":true,"href":"https:\/\/iessierradesegura.es\/index.php?rest_route=%2Fwp%2Fv2%2Fcomments&post=741"}],"version-history":[{"count":9,"href":"https:\/\/iessierradesegura.es\/index.php?rest_route=\/wp\/v2\/pages\/741\/revisions"}],"predecessor-version":[{"id":1153,"href":"https:\/\/iessierradesegura.es\/index.php?rest_route=\/wp\/v2\/pages\/741\/revisions\/1153"}],"wp:attachment":[{"href":"https:\/\/iessierradesegura.es\/index.php?rest_route=%2Fwp%2Fv2%2Fmedia&parent=741"}],"curies":[{"name":"wp","href":"https:\/\/api.w.org\/{rel}","templated":true}]}}